{"id":207,"date":"2025-09-01T16:38:41","date_gmt":"2025-09-01T14:38:41","guid":{"rendered":"https:\/\/theme.artdiv.net\/?page_id=207"},"modified":"2025-09-03T17:41:49","modified_gmt":"2025-09-03T15:41:49","slug":"equipe","status":"publish","type":"page","link":"https:\/\/theme.artdiv.net\/index.php\/equipe\/","title":{"rendered":"Equipe"},"content":{"rendered":"\n<div class=\"wp-block-group alignfull has-global-padding is-layout-constrained wp-block-group-is-layout-constrained\" style=\"margin-top:0;margin-bottom:0;padding-top:var(--wp--preset--spacing--50);padding-bottom:var(--wp--preset--spacing--50)\">\n<div class=\"wp-block-columns alignwide is-layout-flex wp-container-core-columns-is-layout-47c06fe3 wp-block-columns-is-layout-flex\">\n<div class=\"wp-block-column is-vertically-aligned-center is-layout-flow wp-container-core-column-is-layout-119bc444 wp-block-column-is-layout-flow\">\n<h2 class=\"wp-block-heading\">Equipe d&rsquo;intervenant<\/h2>\n<\/div>\n<\/div>\n<\/div>\n\n\n\n<div class=\"wp-block-group alignfull has-global-padding is-layout-constrained wp-block-group-is-layout-constrained\" style=\"margin-top:0;margin-bottom:0;padding-top:var(--wp--preset--spacing--50);padding-bottom:var(--wp--preset--spacing--50)\">\n<div class=\"wp-block-group alignwide is-style-default is-layout-grid wp-container-core-group-is-layout-840b37f5 wp-block-group-is-layout-grid\">\n<div class=\"wp-block-group is-vertical is-content-justification-stretch is-layout-flex wp-container-core-group-is-layout-353c4f5a wp-block-group-is-layout-flex\">\n<div class=\"wp-block-cover\" style=\"min-height:267px;aspect-ratio:unset;\"><img loading=\"lazy\" decoding=\"async\" width=\"1024\" height=\"577\" class=\"wp-block-cover__image-background wp-image-290 size-large\" alt=\"\" src=\"http:\/\/theme.artdiv.net\/wp-content\/uploads\/2025\/09\/DSC03604-1024x577.jpg\" data-object-fit=\"cover\" srcset=\"https:\/\/theme.artdiv.net\/wp-content\/uploads\/2025\/09\/DSC03604-1024x577.jpg 1024w, https:\/\/theme.artdiv.net\/wp-content\/uploads\/2025\/09\/DSC03604-300x169.jpg 300w, https:\/\/theme.artdiv.net\/wp-content\/uploads\/2025\/09\/DSC03604-768x433.jpg 768w, https:\/\/theme.artdiv.net\/wp-content\/uploads\/2025\/09\/DSC03604-1536x865.jpg 1536w, https:\/\/theme.artdiv.net\/wp-content\/uploads\/2025\/09\/DSC03604-2048x1154.jpg 2048w\" sizes=\"auto, (max-width: 1024px) 100vw, 1024px\" \/><span aria-hidden=\"true\" class=\"wp-block-cover__background has-background-dim-0 has-background-dim\" style=\"background-color:#833d3a\"><\/span><div class=\"wp-block-cover__inner-container is-layout-flow wp-block-cover-is-layout-flow\">\n<p class=\"has-text-align-center has-large-font-size\"><\/p>\n<\/div><\/div>\n\n\n\n<p class=\"has-text-align-center has-accent-3-color has-text-color has-link-color has-large-font-size wp-elements-59e6fd8b27297cbbfe0f8d09341603c3\"><strong>Chantal Roussel<\/strong><\/p>\n\n\n\n<p class=\"has-text-align-left has-medium-font-size\">Fondatrice de L\u00e9th\u00e9 Musicale. Altiste, musicoth\u00e9rapeute dipl\u00f4m\u00e9e de l\u2019Universit\u00e9 de Montpellier, elle transmet son expertise de 30 ans d\u2019exp\u00e9rience en enseignement musical adapt\u00e9 et musicoth\u00e9rapie \u00e0 de nombreux professionnels.<\/p>\n<\/div>\n\n\n\n<div class=\"wp-block-group is-vertical is-content-justification-stretch is-layout-flex wp-container-core-group-is-layout-353c4f5a wp-block-group-is-layout-flex\">\n<div class=\"wp-block-cover\" style=\"min-height:270px;aspect-ratio:unset;\"><img loading=\"lazy\" decoding=\"async\" width=\"1024\" height=\"577\" class=\"wp-block-cover__image-background wp-image-287 size-large\" alt=\"\" src=\"http:\/\/theme.artdiv.net\/wp-content\/uploads\/2025\/09\/DSC03623-1024x577.jpg\" data-object-fit=\"cover\" srcset=\"https:\/\/theme.artdiv.net\/wp-content\/uploads\/2025\/09\/DSC03623-1024x577.jpg 1024w, https:\/\/theme.artdiv.net\/wp-content\/uploads\/2025\/09\/DSC03623-300x169.jpg 300w, https:\/\/theme.artdiv.net\/wp-content\/uploads\/2025\/09\/DSC03623-768x433.jpg 768w, https:\/\/theme.artdiv.net\/wp-content\/uploads\/2025\/09\/DSC03623-1536x865.jpg 1536w, https:\/\/theme.artdiv.net\/wp-content\/uploads\/2025\/09\/DSC03623-2048x1154.jpg 2048w\" sizes=\"auto, (max-width: 1024px) 100vw, 1024px\" \/><span aria-hidden=\"true\" class=\"wp-block-cover__background has-background-dim-0 has-background-dim\" style=\"background-color:#828282\"><\/span><div class=\"wp-block-cover__inner-container has-global-padding is-layout-constrained wp-block-cover-is-layout-constrained\">\n<div style=\"height:var(--wp--preset--spacing--20)\" aria-hidden=\"true\" class=\"wp-block-spacer\"><\/div>\n<\/div><\/div>\n\n\n\n<p class=\"has-text-align-center has-accent-3-color has-text-color has-link-color wp-elements-fb15ef350eec7f21e01e653edfa51d89\"><strong>Fr\u00e9d\u00e9ric Biard<\/strong><\/p>\n\n\n\n<p class=\"has-medium-font-size\">Musicoth\u00e9rapeute dipl\u00f4m\u00e9 de l\u2019Universit\u00e9 de Montpellier. Musicien chanteur, percussionniste il a eu un parcours moniteur-\u00e9ducateur en \u00e9tablissement m\u00e9dico-social, avant de se consacrer enti\u00e8rement \u00e0 la musique.<\/p>\n<\/div>\n\n\n\n<div class=\"wp-block-group is-vertical is-content-justification-stretch is-layout-flex wp-container-core-group-is-layout-353c4f5a wp-block-group-is-layout-flex\">\n<div class=\"wp-block-cover\" style=\"min-height:273px;aspect-ratio:unset;\"><img loading=\"lazy\" decoding=\"async\" width=\"1024\" height=\"577\" class=\"wp-block-cover__image-background wp-image-288 size-large\" alt=\"\" src=\"http:\/\/theme.artdiv.net\/wp-content\/uploads\/2025\/09\/DSC03622-1024x577.jpg\" style=\"object-position:55% 52%\" data-object-fit=\"cover\" data-object-position=\"55% 52%\" srcset=\"https:\/\/theme.artdiv.net\/wp-content\/uploads\/2025\/09\/DSC03622-1024x577.jpg 1024w, https:\/\/theme.artdiv.net\/wp-content\/uploads\/2025\/09\/DSC03622-300x169.jpg 300w, https:\/\/theme.artdiv.net\/wp-content\/uploads\/2025\/09\/DSC03622-768x433.jpg 768w, https:\/\/theme.artdiv.net\/wp-content\/uploads\/2025\/09\/DSC03622-1536x865.jpg 1536w, https:\/\/theme.artdiv.net\/wp-content\/uploads\/2025\/09\/DSC03622-2048x1154.jpg 2048w\" sizes=\"auto, (max-width: 1024px) 100vw, 1024px\" \/><span aria-hidden=\"true\" class=\"wp-block-cover__background has-background-dim-0 has-background-dim\" style=\"background-color:#d6bc98\"><\/span><div class=\"wp-block-cover__inner-container has-global-padding is-layout-constrained wp-block-cover-is-layout-constrained\">\n<div style=\"height:var(--wp--preset--spacing--20)\" aria-hidden=\"true\" class=\"wp-block-spacer\"><\/div>\n<\/div><\/div>\n\n\n\n<p class=\"has-text-align-center has-accent-3-color has-text-color has-link-color wp-elements-b98c2f121ac8f33b8584f892ce0ad394\"><strong>Nancy Coullandaye<\/strong><\/p>\n\n\n\n<p class=\"has-medium-font-size\">Musicoth\u00e9rapeute dipl\u00f4m\u00e9e de l\u2019AMB, sp\u00e9cialiste de la voix et de la r\u00e9adaptation respiratoire par le soin. Elle a \u00e9galement \u00e0 son actif un parcours d\u2019infirmi\u00e8re de sant\u00e9 publique sp\u00e9cialis\u00e9e en promotion et \u00e9ducation \u00e0 la sant\u00e9 depuis 25 ans.<\/p>\n<\/div>\n\n\n\n<div class=\"wp-block-group is-vertical is-content-justification-stretch is-layout-flex wp-container-core-group-is-layout-353c4f5a wp-block-group-is-layout-flex\">\n<div class=\"wp-block-cover\" style=\"min-height:273px;aspect-ratio:unset;\"><img loading=\"lazy\" decoding=\"async\" width=\"1024\" height=\"577\" class=\"wp-block-cover__image-background wp-image-291 size-large\" alt=\"\" src=\"http:\/\/theme.artdiv.net\/wp-content\/uploads\/2025\/09\/DSC03598-1024x577.jpg\" data-object-fit=\"cover\" srcset=\"https:\/\/theme.artdiv.net\/wp-content\/uploads\/2025\/09\/DSC03598-1024x577.jpg 1024w, https:\/\/theme.artdiv.net\/wp-content\/uploads\/2025\/09\/DSC03598-300x169.jpg 300w, https:\/\/theme.artdiv.net\/wp-content\/uploads\/2025\/09\/DSC03598-768x433.jpg 768w, https:\/\/theme.artdiv.net\/wp-content\/uploads\/2025\/09\/DSC03598-1536x865.jpg 1536w, https:\/\/theme.artdiv.net\/wp-content\/uploads\/2025\/09\/DSC03598-2048x1154.jpg 2048w\" sizes=\"auto, (max-width: 1024px) 100vw, 1024px\" \/><span aria-hidden=\"true\" class=\"wp-block-cover__background has-background-dim-0 has-background-dim\" style=\"background-color:#d6bc98\"><\/span><div class=\"wp-block-cover__inner-container has-global-padding is-layout-constrained wp-block-cover-is-layout-constrained\">\n<div style=\"height:var(--wp--preset--spacing--20)\" aria-hidden=\"true\" class=\"wp-block-spacer\"><\/div>\n<\/div><\/div>\n\n\n\n<p class=\"has-text-align-center has-accent-3-color has-text-color has-link-color wp-elements-cb924145ec264dd9adf3e172fdbc403c\"><strong>Fran\u00e7ois Cordet<\/strong><\/p>\n\n\n\n<p class=\"has-medium-font-size\">Musicien sp\u00e9cialis\u00e9, violiste, bassiste, guitariste, compositeur. D\u00e9tenteur d\u2019une ma\u00eetrise de musicologie, il a 25 ans d\u2019exp\u00e9rience dans le travail de cr\u00e9ation avec des personnes en situation de handicap et la conduite de projets artistiques.<\/p>\n<\/div>\n\n\n\n<div class=\"wp-block-group is-vertical is-content-justification-stretch is-layout-flex wp-container-core-group-is-layout-353c4f5a wp-block-group-is-layout-flex\">\n<div class=\"wp-block-cover\" style=\"min-height:273px;aspect-ratio:unset;\"><img loading=\"lazy\" decoding=\"async\" width=\"1024\" height=\"577\" class=\"wp-block-cover__image-background wp-image-284 size-large\" alt=\"\" src=\"http:\/\/theme.artdiv.net\/wp-content\/uploads\/2025\/09\/DSC03631-1024x577.jpg\" data-object-fit=\"cover\" srcset=\"https:\/\/theme.artdiv.net\/wp-content\/uploads\/2025\/09\/DSC03631-1024x577.jpg 1024w, https:\/\/theme.artdiv.net\/wp-content\/uploads\/2025\/09\/DSC03631-300x169.jpg 300w, https:\/\/theme.artdiv.net\/wp-content\/uploads\/2025\/09\/DSC03631-768x433.jpg 768w, https:\/\/theme.artdiv.net\/wp-content\/uploads\/2025\/09\/DSC03631-1536x865.jpg 1536w, https:\/\/theme.artdiv.net\/wp-content\/uploads\/2025\/09\/DSC03631-2048x1154.jpg 2048w\" sizes=\"auto, (max-width: 1024px) 100vw, 1024px\" \/><span aria-hidden=\"true\" class=\"wp-block-cover__background has-background-dim-0 has-background-dim\" style=\"background-color:#d6bc98\"><\/span><div class=\"wp-block-cover__inner-container has-global-padding is-layout-constrained wp-block-cover-is-layout-constrained\">\n<div style=\"height:var(--wp--preset--spacing--20)\" aria-hidden=\"true\" class=\"wp-block-spacer\"><\/div>\n<\/div><\/div>\n\n\n\n<p class=\"has-text-align-center has-accent-3-color has-text-color has-link-color wp-elements-99670cc9783f7c3c029a71e779930144\"><strong>S\u00e9bastien Gay<\/strong><\/p>\n\n\n\n<p class=\"has-medium-font-size\">Clarinettiste, art-th\u00e9rapeute form\u00e9 \u00e0 PROFAC. Il propose des bricolages po\u00e9tiques exp\u00e9rimentaux utilisant les instruments traditionnels, la musique assist\u00e9e par ordinateur, ainsi que les diff\u00e9rentes techniques issues des arts-plastiques.<\/p>\n<\/div>\n\n\n\n<div class=\"wp-block-group is-vertical is-content-justification-stretch is-layout-flex wp-container-core-group-is-layout-353c4f5a wp-block-group-is-layout-flex\">\n<div class=\"wp-block-cover\" style=\"min-height:273px;aspect-ratio:unset;\"><img loading=\"lazy\" decoding=\"async\" width=\"1024\" height=\"577\" class=\"wp-block-cover__image-background wp-image-285 size-large\" alt=\"\" src=\"http:\/\/theme.artdiv.net\/wp-content\/uploads\/2025\/09\/DSC03627-1024x577.jpg\" data-object-fit=\"cover\" srcset=\"https:\/\/theme.artdiv.net\/wp-content\/uploads\/2025\/09\/DSC03627-1024x577.jpg 1024w, https:\/\/theme.artdiv.net\/wp-content\/uploads\/2025\/09\/DSC03627-300x169.jpg 300w, https:\/\/theme.artdiv.net\/wp-content\/uploads\/2025\/09\/DSC03627-768x433.jpg 768w, https:\/\/theme.artdiv.net\/wp-content\/uploads\/2025\/09\/DSC03627-1536x865.jpg 1536w, https:\/\/theme.artdiv.net\/wp-content\/uploads\/2025\/09\/DSC03627-2048x1154.jpg 2048w\" sizes=\"auto, (max-width: 1024px) 100vw, 1024px\" \/><span aria-hidden=\"true\" class=\"wp-block-cover__background has-background-dim-0 has-background-dim\" style=\"background-color:#d6bc98\"><\/span><div class=\"wp-block-cover__inner-container has-global-padding is-layout-constrained wp-block-cover-is-layout-constrained\">\n<div style=\"height:var(--wp--preset--spacing--20)\" aria-hidden=\"true\" class=\"wp-block-spacer\"><\/div>\n<\/div><\/div>\n\n\n\n<p class=\"has-text-align-center has-accent-3-color has-text-color has-link-color wp-elements-6854ef4d7c8acbe348099160412f6723\"><strong>Anne-Colombe Martin<\/strong><\/p>\n\n\n\n<p class=\"has-medium-font-size\">Musicoth\u00e9rapeute form\u00e9e \u00e0 l\u2019A.M.B., violoncelliste et contrebassiste dipl\u00f4m\u00e9e des Conservatoires de Lyon et Villeurbanne. Elle cr\u00e9e \u00e9galement des spectacles \u00e0 destination de la petite enfance.<\/p>\n<\/div>\n\n\n\n<div class=\"wp-block-group is-vertical is-content-justification-stretch is-layout-flex wp-container-core-group-is-layout-353c4f5a wp-block-group-is-layout-flex\">\n<div class=\"wp-block-cover\" style=\"min-height:273px;aspect-ratio:unset;\"><img loading=\"lazy\" decoding=\"async\" width=\"1024\" height=\"577\" class=\"wp-block-cover__image-background wp-image-281 size-large\" alt=\"\" src=\"http:\/\/theme.artdiv.net\/wp-content\/uploads\/2025\/09\/DSC03641-1024x577.jpg\" data-object-fit=\"cover\" srcset=\"https:\/\/theme.artdiv.net\/wp-content\/uploads\/2025\/09\/DSC03641-1024x577.jpg 1024w, https:\/\/theme.artdiv.net\/wp-content\/uploads\/2025\/09\/DSC03641-300x169.jpg 300w, https:\/\/theme.artdiv.net\/wp-content\/uploads\/2025\/09\/DSC03641-768x433.jpg 768w, https:\/\/theme.artdiv.net\/wp-content\/uploads\/2025\/09\/DSC03641-1536x865.jpg 1536w, https:\/\/theme.artdiv.net\/wp-content\/uploads\/2025\/09\/DSC03641-2048x1154.jpg 2048w\" sizes=\"auto, (max-width: 1024px) 100vw, 1024px\" \/><span aria-hidden=\"true\" class=\"wp-block-cover__background has-background-dim-0 has-background-dim\" style=\"background-color:#d6bc98\"><\/span><div class=\"wp-block-cover__inner-container has-global-padding is-layout-constrained wp-block-cover-is-layout-constrained\">\n<div style=\"height:var(--wp--preset--spacing--20)\" aria-hidden=\"true\" class=\"wp-block-spacer\"><\/div>\n<\/div><\/div>\n\n\n\n<p class=\"has-text-align-center has-accent-3-color has-text-color has-link-color wp-elements-860b06bee10b03c534641c011aade821\"><strong>Arnaud Blandin<\/strong><\/p>\n\n\n\n<p class=\"has-medium-font-size\">Musicoth\u00e9rapeute dipl\u00f4m\u00e9 de l\u2019AFRATAPEM et licence de musicologie \u00e0 Lyon II. Chanteur et pianiste, sp\u00e9cialiste de la voix, il est \u00e9galement est \u00e9galement form\u00e9 en sonoth\u00e9rapie Institut Medson.<\/p>\n<\/div>\n\n\n\n<div class=\"wp-block-group is-vertical is-content-justification-stretch is-layout-flex wp-container-core-group-is-layout-353c4f5a wp-block-group-is-layout-flex\">\n<div class=\"wp-block-cover is-light\" style=\"min-height:273px;aspect-ratio:unset;\"><img loading=\"lazy\" decoding=\"async\" width=\"576\" height=\"1024\" class=\"wp-block-cover__image-background wp-image-293 size-large\" alt=\"\" src=\"http:\/\/theme.artdiv.net\/wp-content\/uploads\/2025\/09\/IMG_4578-576x1024.jpg\" style=\"object-position:45% 35%\" data-object-fit=\"cover\" data-object-position=\"45% 35%\" srcset=\"https:\/\/theme.artdiv.net\/wp-content\/uploads\/2025\/09\/IMG_4578-576x1024.jpg 576w, https:\/\/theme.artdiv.net\/wp-content\/uploads\/2025\/09\/IMG_4578-169x300.jpg 169w, https:\/\/theme.artdiv.net\/wp-content\/uploads\/2025\/09\/IMG_4578-768x1365.jpg 768w, https:\/\/theme.artdiv.net\/wp-content\/uploads\/2025\/09\/IMG_4578-864x1536.jpg 864w, https:\/\/theme.artdiv.net\/wp-content\/uploads\/2025\/09\/IMG_4578-1152x2048.jpg 1152w, https:\/\/theme.artdiv.net\/wp-content\/uploads\/2025\/09\/IMG_4578-scaled.jpg 1440w\" sizes=\"auto, (max-width: 576px) 100vw, 576px\" \/><span aria-hidden=\"true\" class=\"wp-block-cover__background has-background-dim-0 has-background-dim\" style=\"background-color:#d6bc98\"><\/span><div class=\"wp-block-cover__inner-container has-global-padding is-layout-constrained wp-block-cover-is-layout-constrained\">\n<div style=\"height:var(--wp--preset--spacing--20)\" aria-hidden=\"true\" class=\"wp-block-spacer\"><\/div>\n<\/div><\/div>\n\n\n\n<p class=\"has-text-align-center has-accent-3-color has-text-color has-link-color wp-elements-78dce83d694e24d43cb743da06d8d63d\"><strong>Agn\u00e8s Ino<\/strong><\/p>\n\n\n\n<p class=\"has-medium-font-size\">Musicoth\u00e9rapeute dipl\u00f4m\u00e9e de l\u2019AMB, sp\u00e9cialiste de la voix et de la r\u00e9adaptation respiratoire par le soin. Elle a \u00e9galement \u00e0 son actif un parcours d\u2019infirmi\u00e8re de sant\u00e9 publique sp\u00e9cialis\u00e9e en promotion et \u00e9ducation \u00e0 la sant\u00e9 depuis 25 ans.<\/p>\n<\/div>\n\n\n\n<div class=\"wp-block-group is-vertical is-content-justification-stretch is-layout-flex wp-container-core-group-is-layout-353c4f5a wp-block-group-is-layout-flex\">\n<div class=\"wp-block-cover\" style=\"min-height:273px;aspect-ratio:unset;\"><img loading=\"lazy\" decoding=\"async\" width=\"130\" height=\"130\" class=\"wp-block-cover__image-background wp-image-295 size-full\" alt=\"\" src=\"https:\/\/theme.artdiv.net\/wp-content\/uploads\/2025\/09\/Vignette-site-Francois-Doulay.jpg\" data-object-fit=\"cover\"\/><span aria-hidden=\"true\" class=\"wp-block-cover__background has-background-dim-0 has-background-dim\" style=\"background-color:#d6bc98\"><\/span><div class=\"wp-block-cover__inner-container has-global-padding is-layout-constrained wp-block-cover-is-layout-constrained\">\n<div style=\"height:var(--wp--preset--spacing--20)\" aria-hidden=\"true\" class=\"wp-block-spacer\"><\/div>\n<\/div><\/div>\n\n\n\n<p class=\"has-text-align-center has-accent-3-color has-text-color has-link-color wp-elements-1a1433ccc832edafd877805d00bf68ab\"><strong>Fran\u00e7ois Doulay<\/strong><\/p>\n\n\n\n<p class=\"has-medium-font-size\">Musicoth\u00e9rapeute clinicien dipl\u00f4m\u00e9 de l\u2019Atelier de Musicoth\u00e9rapie de Bourgogne \u00e0 Dijon et accord\u00e9oniste. Il intervient aupr\u00e8s de diff\u00e9rents publics dans le secteur m\u00e9dico-social et hospitalier.<\/p>\n<\/div>\n\n\n\n<div class=\"wp-block-group is-vertical is-content-justification-stretch is-layout-flex wp-container-core-group-is-layout-353c4f5a wp-block-group-is-layout-flex\">\n<div class=\"wp-block-cover has-global-padding is-layout-constrained wp-block-cover-is-layout-constrained\" style=\"min-height:273px;aspect-ratio:unset;\"><img loading=\"lazy\" decoding=\"async\" width=\"1024\" height=\"656\" class=\"wp-block-cover__image-background wp-image-41 size-large\" alt=\"\" src=\"http:\/\/theme.artdiv.net\/wp-content\/uploads\/2020\/02\/2020-landscape-1-4-1024x656.png\" data-object-fit=\"cover\" srcset=\"https:\/\/theme.artdiv.net\/wp-content\/uploads\/2020\/02\/2020-landscape-1-4-1024x656.png 1024w, https:\/\/theme.artdiv.net\/wp-content\/uploads\/2020\/02\/2020-landscape-1-4-300x192.png 300w, https:\/\/theme.artdiv.net\/wp-content\/uploads\/2020\/02\/2020-landscape-1-4-768x492.png 768w, https:\/\/theme.artdiv.net\/wp-content\/uploads\/2020\/02\/2020-landscape-1-4.png 1200w\" sizes=\"auto, (max-width: 1024px) 100vw, 1024px\" \/><span aria-hidden=\"true\" class=\"wp-block-cover__background has-background-dim-0 has-background-dim\" style=\"background-color:#d6bc98\"><\/span><div class=\"wp-block-cover__inner-container\"><\/div><\/div>\n\n\n\n<p class=\"has-text-align-center has-accent-3-color has-text-color has-link-color wp-elements-97d45136984e20b036ebc316047e9b36\"><strong>Laetitia David Cardenaz<\/strong><\/p>\n\n\n\n<p class=\"has-medium-font-size\">blablabla<\/p>\n<\/div>\n<\/div>\n<\/div>\n\n\n\n<hr class=\"wp-block-separator has-alpha-channel-opacity\"\/>\n\n\n\n<h2 class=\"wp-block-heading\">Equipe Administrative<\/h2>\n\n\n\n<div class=\"wp-block-group alignfull has-global-padding is-layout-constrained wp-block-group-is-layout-constrained\" style=\"margin-top:0;margin-bottom:0;padding-top:var(--wp--preset--spacing--50);padding-bottom:var(--wp--preset--spacing--50)\">\n<div class=\"wp-block-group alignwide is-style-default is-layout-grid wp-container-core-group-is-layout-840b37f5 wp-block-group-is-layout-grid\">\n<div class=\"wp-block-group is-vertical is-content-justification-stretch is-layout-flex wp-container-core-group-is-layout-353c4f5a wp-block-group-is-layout-flex\">\n<div class=\"wp-block-cover\" style=\"min-height:270px;aspect-ratio:unset;\"><img loading=\"lazy\" decoding=\"async\" width=\"1024\" height=\"577\" class=\"wp-block-cover__image-background wp-image-283 size-large\" alt=\"\" src=\"http:\/\/theme.artdiv.net\/wp-content\/uploads\/2025\/09\/DSC03639-1024x577.jpg\" data-object-fit=\"cover\" srcset=\"https:\/\/theme.artdiv.net\/wp-content\/uploads\/2025\/09\/DSC03639-1024x577.jpg 1024w, https:\/\/theme.artdiv.net\/wp-content\/uploads\/2025\/09\/DSC03639-300x169.jpg 300w, https:\/\/theme.artdiv.net\/wp-content\/uploads\/2025\/09\/DSC03639-768x433.jpg 768w, https:\/\/theme.artdiv.net\/wp-content\/uploads\/2025\/09\/DSC03639-1536x865.jpg 1536w, https:\/\/theme.artdiv.net\/wp-content\/uploads\/2025\/09\/DSC03639-2048x1154.jpg 2048w\" sizes=\"auto, (max-width: 1024px) 100vw, 1024px\" \/><span aria-hidden=\"true\" class=\"wp-block-cover__background has-background-dim-0 has-background-dim\" style=\"background-color:#828282\"><\/span><div class=\"wp-block-cover__inner-container has-global-padding is-layout-constrained wp-block-cover-is-layout-constrained\">\n<div style=\"height:var(--wp--preset--spacing--20)\" aria-hidden=\"true\" class=\"wp-block-spacer\"><\/div>\n<\/div><\/div>\n\n\n\n<p class=\"has-text-align-center has-accent-3-color has-text-color has-link-color wp-elements-4cc397bbbe1ae1ef68c26a7985c391e3\"><strong>Nathalie Rochet<\/strong><\/p>\n\n\n\n<p class=\"has-medium-font-size\">Directrice de L\u00e9th\u00e9 Musicale. Accord\u00e9oniste et contrebassiste, Master Direction de l\u2019\u00e9conomie sociale et solidaire, dipl\u00f4me IEP, elle pilote depuis 30 ans des projets institutionnels dans diff\u00e9rents domaines.<\/p>\n<\/div>\n\n\n\n<div class=\"wp-block-group is-vertical is-content-justification-stretch is-layout-flex wp-container-core-group-is-layout-353c4f5a wp-block-group-is-layout-flex\">\n<div class=\"wp-block-cover is-light\" style=\"min-height:273px;aspect-ratio:unset;\"><img loading=\"lazy\" decoding=\"async\" width=\"1024\" height=\"577\" class=\"wp-block-cover__image-background wp-image-297 size-large\" alt=\"\" src=\"http:\/\/theme.artdiv.net\/wp-content\/uploads\/2025\/09\/DSC00050-1024x577.jpg\" style=\"object-position:60% 28%\" data-object-fit=\"cover\" data-object-position=\"60% 28%\" srcset=\"https:\/\/theme.artdiv.net\/wp-content\/uploads\/2025\/09\/DSC00050-1024x577.jpg 1024w, https:\/\/theme.artdiv.net\/wp-content\/uploads\/2025\/09\/DSC00050-300x169.jpg 300w, https:\/\/theme.artdiv.net\/wp-content\/uploads\/2025\/09\/DSC00050-768x433.jpg 768w, https:\/\/theme.artdiv.net\/wp-content\/uploads\/2025\/09\/DSC00050-1536x865.jpg 1536w, https:\/\/theme.artdiv.net\/wp-content\/uploads\/2025\/09\/DSC00050-2048x1154.jpg 2048w\" sizes=\"auto, (max-width: 1024px) 100vw, 1024px\" \/><span aria-hidden=\"true\" class=\"wp-block-cover__background has-background-dim-0 has-background-dim\" style=\"background-color:#d6bc98\"><\/span><div class=\"wp-block-cover__inner-container has-global-padding is-layout-constrained wp-block-cover-is-layout-constrained\">\n<div style=\"height:var(--wp--preset--spacing--20)\" aria-hidden=\"true\" class=\"wp-block-spacer\"><\/div>\n<\/div><\/div>\n\n\n\n<p class=\"has-text-align-center has-accent-3-color has-text-color has-link-color wp-elements-b98c2f121ac8f33b8584f892ce0ad394\"><strong>Nancy Coullandaye<\/strong><\/p>\n\n\n\n<p class=\"has-medium-font-size\">Administratrice alternante en formation en Mast\u00e8re des industries musicales et du spectacles vivants \u00e0 l\u2019E.A.C. LYON.<\/p>\n\n\n\n<p>A changer<\/p>\n<\/div>\n<\/div>\n<\/div>\n","protected":false},"excerpt":{"rendered":"<p>Equipe d&rsquo;intervenant Chantal Roussel Fondatrice de L\u00e9th\u00e9 Musicale. Altiste, musicoth\u00e9rapeute dipl\u00f4m\u00e9e de l\u2019Universit\u00e9 de Montpellier, elle transmet son expertise de 30 ans d\u2019exp\u00e9rience en enseignement musical adapt\u00e9 et musicoth\u00e9rapie \u00e0 de nombreux professionnels. Fr\u00e9d\u00e9ric Biard Musicoth\u00e9rapeute dipl\u00f4m\u00e9 de l\u2019Universit\u00e9 de Montpellier. Musicien chanteur, percussionniste il a eu un parcours moniteur-\u00e9ducateur en \u00e9tablissement m\u00e9dico-social, avant de [&hellip;]<\/p>\n","protected":false},"author":1,"featured_media":0,"parent":0,"menu_order":0,"comment_status":"closed","ping_status":"closed","template":"","meta":{"footnotes":""},"class_list":["post-207","page","type-page","status-publish","hentry"],"_links":{"self":[{"href":"https:\/\/theme.artdiv.net\/index.php\/wp-json\/wp\/v2\/pages\/207","targetHints":{"allow":["GET"]}}],"collection":[{"href":"https:\/\/theme.artdiv.net\/index.php\/wp-json\/wp\/v2\/pages"}],"about":[{"href":"https:\/\/theme.artdiv.net\/index.php\/wp-json\/wp\/v2\/types\/page"}],"author":[{"embeddable":true,"href":"https:\/\/theme.artdiv.net\/index.php\/wp-json\/wp\/v2\/users\/1"}],"replies":[{"embeddable":true,"href":"https:\/\/theme.artdiv.net\/index.php\/wp-json\/wp\/v2\/comments?post=207"}],"version-history":[{"count":5,"href":"https:\/\/theme.artdiv.net\/index.php\/wp-json\/wp\/v2\/pages\/207\/revisions"}],"predecessor-version":[{"id":298,"href":"https:\/\/theme.artdiv.net\/index.php\/wp-json\/wp\/v2\/pages\/207\/revisions\/298"}],"wp:attachment":[{"href":"https:\/\/theme.artdiv.net\/index.php\/wp-json\/wp\/v2\/media?parent=207"}],"curies":[{"name":"wp","href":"https:\/\/api.w.org\/{rel}","templated":true}]}}