{"id":250,"date":"2025-07-08T17:45:20","date_gmt":"2025-07-08T15:45:20","guid":{"rendered":"https:\/\/theme.artdiv.net\/?page_id=250"},"modified":"2025-07-08T17:48:11","modified_gmt":"2025-07-08T15:48:11","slug":"inscription-taris-atelier-musique","status":"publish","type":"page","link":"https:\/\/theme.artdiv.net\/index.php\/inscription-taris-atelier-musique\/","title":{"rendered":""},"content":{"rendered":"\n<div class=\"wp-block-group alignfull is-style-section-2 has-global-padding is-layout-constrained wp-block-group-is-layout-constrained is-style-section-2--1\" style=\"margin-top:0;margin-bottom:0;padding-top:var(--wp--preset--spacing--60);padding-bottom:var(--wp--preset--spacing--60)\">\n<div class=\"wp-block-columns alignwide is-layout-flex wp-container-core-columns-is-layout-643ced6b wp-block-columns-is-layout-flex\">\n<div class=\"wp-block-column is-vertically-aligned-center is-layout-flow wp-container-core-column-is-layout-119bc444 wp-block-column-is-layout-flow\" style=\"flex-basis:100%\">\n<h2 class=\"wp-block-heading has-xx-large-font-size\"><strong>Inscriptions<\/strong><\/h2>\n\n\n\n<p>Les inscriptions aux ateliers de musique pour l\u2019ann\u00e9e \u00e0 venir&nbsp;<strong>ouvrent en juillet\/ao\u00fbt.<\/strong><\/p>\n\n\n\n<p>Nos ateliers commencent fin septembre ou d\u00e9but octobre en fonction du projet. <br>Ils se poursuivent ensuite selon le rythme de l\u2019ann\u00e9e scolaire.<\/p>\n\n\n\n<p>Pour l\u2019ann\u00e9e 2025-2026, les ateliers d\u00e9butent la semaine du 19 septembre.<br><br><strong>Renouvellements<\/strong><\/p>\n\n\n\n<p>Un devis vous sera adress\u00e9 avec le bilan d\u2019activit\u00e9. Votre inscription sera prise en compte \u00e0 r\u00e9ception du devis sign\u00e9 et\/ou du r\u00e8glement, nous vous adresserons alors une facture courant septembre.<br><br><strong>Nouvelles inscriptions<\/strong><\/p>\n\n\n\n<p><strong>Merci de&nbsp;<a href=\"https:\/\/www.lethemusicale.org\/informations-pratiques\/\">nous contacter<\/a>&nbsp;par mail ou par t\u00e9l\u00e9phone pour prendre rendez-vous entre juin et septembre.<\/strong><br>Nous vous rencontrons dans nos locaux ou dans votre \u00e9tablissement pour faire connaissance et \u00e9tudier ensemble vos souhaits, vos besoins et nos possibilit\u00e9s d\u2019y r\u00e9pondre.<br>L\u2019association vous propose un projet.<br>Nous \u00e9tablissons un devis ou une convention, dont la signature contractualisera nos engagements respectifs.<\/p>\n<\/div>\n<\/div>\n<\/div>\n\n\n\n<div class=\"wp-block-group alignfull is-style-section-5 has-global-padding is-layout-constrained wp-block-group-is-layout-constrained is-style-section-5--2\" style=\"margin-top:0;margin-bottom:0;padding-top:var(--wp--preset--spacing--50);padding-bottom:var(--wp--preset--spacing--50)\">\n<div class=\"wp-block-columns alignwide is-layout-flex wp-container-core-columns-is-layout-7ee84d44 wp-block-columns-is-layout-flex\">\n<div class=\"wp-block-column is-vertically-aligned-center is-layout-flow wp-block-column-is-layout-flow\" style=\"flex-basis:50%\">\n<h2 class=\"wp-block-heading\">Tarifs<\/h2>\n\n\n\n<p class=\"has-medium-font-size\">Organis\u00e9 sur un week-end, l\u2019\u00e9v\u00e9nement est structur\u00e9 autour d\u2019une s\u00e9rie d\u2019expositions, d\u2019ateliers et de tables rondes. Les expositions pr\u00e9sentent une s\u00e9lection de photographies mettant en sc\u00e8ne des histoires fascinantes de divers endroits du globe, chaque image \u00e9tant accompagn\u00e9e de r\u00e9cits d\u00e9taill\u00e9s fournissant un contexte et le d\u00e9tail de la signification historique des sc\u00e8nes repr\u00e9sent\u00e9es. Ces photographies sont tir\u00e9es des archives de photographes de renom, ainsi que de talents \u00e9mergents, assurant un m\u00e9lange de perspectives \u00e0 la fois classiques et contemporaines.<\/p>\n<\/div>\n\n\n\n<div class=\"wp-block-column is-vertically-aligned-center is-layout-flow wp-block-column-is-layout-flow\" style=\"flex-basis:50%\">\n<figure class=\"wp-block-image size-full\"><img decoding=\"async\" src=\"https:\/\/theme.artdiv.net\/wp-content\/themes\/twentytwentyfive\/assets\/images\/ruins-image.webp\" alt=\"Cliff Palace, Colorado\" style=\"aspect-ratio:1;object-fit:cover\"\/><\/figure>\n<\/div>\n<\/div>\n<\/div>\n\n\n\n<div class=\"wp-block-group alignfull is-style-section-1 has-global-padding is-layout-constrained wp-block-group-is-layout-constrained is-style-section-1--3\" style=\"margin-top:0;margin-bottom:0;padding-top:var(--wp--preset--spacing--80);padding-bottom:var(--wp--preset--spacing--80)\">\n<h2 class=\"wp-block-heading has-text-align-center\">Le podcast \u00ab&nbsp;Histoires&nbsp;\u00bb est spnsoris\u00e9 par<\/h2>\n\n\n\n<div style=\"height:var(--wp--preset--spacing--30)\" aria-hidden=\"true\" class=\"wp-block-spacer\"><\/div>\n\n\n\n<div class=\"wp-block-group alignwide is-content-justification-center is-layout-flex wp-container-core-group-is-layout-2c471116 wp-block-group-is-layout-flex\">\n\n\n\n\n\n\n\n<\/div>\n<\/div>\n\n\n\n<div class=\"wp-block-group alignfull has-global-padding is-layout-constrained wp-container-core-group-is-layout-ebee8dc1 wp-block-group-is-layout-constrained\" style=\"margin-top:0;margin-bottom:0;padding-top:var(--wp--preset--spacing--50);padding-bottom:var(--wp--preset--spacing--50)\">\n<div class=\"wp-block-group alignwide is-content-justification-space-between is-layout-flex wp-container-core-group-is-layout-9366075c wp-block-group-is-layout-flex\">\n<h2 class=\"wp-block-heading alignwide has-text-align-left is-style-text-subtitle has-x-large-font-size is-style-text-subtitle--4\">Explorez les \u00e9pisodes<\/h2>\n\n\n\n<p class=\"is-style-text-annotation is-style-text-annotation--5\">Podcast<\/p>\n<\/div>\n\n\n\n<div class=\"wp-block-group alignwide is-layout-grid wp-container-core-group-is-layout-1ce758a5 wp-block-group-is-layout-grid\">\n<figure class=\"wp-block-video\"><\/figure>\n\n\n\n<figure class=\"wp-block-video\"><\/figure>\n\n\n\n<figure class=\"wp-block-video\"><\/figure>\n\n\n\n<figure class=\"wp-block-video\"><\/figure>\n\n\n\n<figure class=\"wp-block-video\"><\/figure>\n\n\n\n<figure class=\"wp-block-video\"><\/figure>\n<\/div>\n<\/div>\n\n\n\n<aside class=\"wp-block-group alignfull is-style-section-3 has-global-padding is-layout-constrained wp-container-core-group-is-layout-f0f2a97b wp-block-group-is-layout-constrained is-style-section-3--6\" style=\"margin-top:0;margin-bottom:0;padding-top:var(--wp--preset--spacing--50);padding-right:var(--wp--preset--spacing--50);padding-bottom:var(--wp--preset--spacing--50);padding-left:var(--wp--preset--spacing--50)\">\n<div class=\"wp-block-group is-vertical is-content-justification-center is-layout-flex wp-container-core-group-is-layout-8778ca4a wp-block-group-is-layout-flex\" style=\"min-height:360px;margin-top:0;margin-bottom:0\">\n<h2 class=\"wp-block-heading has-text-align-center has-xx-large-font-size\">Inscrivez-vous pour recevoir des histoires quotidiennes<\/h2>\n\n\n\n<p class=\"has-text-align-center is-style-text-subtitle is-style-text-subtitle--7\">Acc\u00e9dez \u00e0 une collection soigneusement s\u00e9lectionn\u00e9e de moments dans le temps, avec des photographies d\u2019int\u00e9ret historique.<\/p>\n\n\n\n<div style=\"height:0px\" aria-hidden=\"true\" class=\"wp-block-spacer wp-container-content-62aae154\"><\/div>\n\n\n\n<div class=\"wp-block-buttons is-content-justification-center is-layout-flex wp-container-core-buttons-is-layout-a89b3969 wp-block-buttons-is-layout-flex\">\n<div class=\"wp-block-button\"><a class=\"wp-block-button__link has-text-align-center wp-element-button\">S\u2019abonner<\/a><\/div>\n<\/div>\n<\/div>\n<\/aside>\n","protected":false},"excerpt":{"rendered":"<p>Inscriptions Les inscriptions aux ateliers de musique pour l\u2019ann\u00e9e \u00e0 venir&nbsp;ouvrent en juillet\/ao\u00fbt. Nos ateliers commencent fin septembre ou d\u00e9but octobre en fonction du projet. Ils se poursuivent ensuite selon le rythme de l\u2019ann\u00e9e scolaire. Pour l\u2019ann\u00e9e 2025-2026, les ateliers d\u00e9butent la semaine du 19 septembre. Renouvellements Un devis vous sera adress\u00e9 avec le bilan [&hellip;]<\/p>\n","protected":false},"author":1,"featured_media":0,"parent":0,"menu_order":0,"comment_status":"closed","ping_status":"closed","template":"","meta":{"footnotes":""},"class_list":["post-250","page","type-page","status-publish","hentry"],"_links":{"self":[{"href":"https:\/\/theme.artdiv.net\/index.php\/wp-json\/wp\/v2\/pages\/250","targetHints":{"allow":["GET"]}}],"collection":[{"href":"https:\/\/theme.artdiv.net\/index.php\/wp-json\/wp\/v2\/pages"}],"about":[{"href":"https:\/\/theme.artdiv.net\/index.php\/wp-json\/wp\/v2\/types\/page"}],"author":[{"embeddable":true,"href":"https:\/\/theme.artdiv.net\/index.php\/wp-json\/wp\/v2\/users\/1"}],"replies":[{"embeddable":true,"href":"https:\/\/theme.artdiv.net\/index.php\/wp-json\/wp\/v2\/comments?post=250"}],"version-history":[{"count":5,"href":"https:\/\/theme.artdiv.net\/index.php\/wp-json\/wp\/v2\/pages\/250\/revisions"}],"predecessor-version":[{"id":256,"href":"https:\/\/theme.artdiv.net\/index.php\/wp-json\/wp\/v2\/pages\/250\/revisions\/256"}],"wp:attachment":[{"href":"https:\/\/theme.artdiv.net\/index.php\/wp-json\/wp\/v2\/media?parent=250"}],"curies":[{"name":"wp","href":"https:\/\/api.w.org\/{rel}","templated":true}]}}