{"id":331,"date":"2025-09-11T17:13:25","date_gmt":"2025-09-11T15:13:25","guid":{"rendered":"https:\/\/theme.artdiv.net\/?page_id=331"},"modified":"2025-09-11T17:22:19","modified_gmt":"2025-09-11T15:22:19","slug":"331-2","status":"publish","type":"page","link":"https:\/\/theme.artdiv.net\/index.php\/331-2\/","title":{"rendered":"b\u00e9n\u00e9voles"},"content":{"rendered":"\n<div class=\"wp-block-group alignfull is-style-section-2 has-base-background-color has-background has-global-padding is-layout-constrained wp-block-group-is-layout-constrained is-style-section-2--1\" style=\"margin-top:0;margin-bottom:0;padding-top:var(--wp--preset--spacing--60);padding-bottom:var(--wp--preset--spacing--60)\">\n<div class=\"wp-block-columns alignwide is-layout-flex wp-container-core-columns-is-layout-643ced6b wp-block-columns-is-layout-flex\">\n<div class=\"wp-block-column is-vertically-aligned-center is-layout-flow wp-container-core-column-is-layout-119bc444 wp-block-column-is-layout-flow\" style=\"flex-basis:100%\">\n<h2 class=\"wp-block-heading has-text-align-center\" style=\"font-size:clamp(24.034px, 1.502rem + ((1vw - 3.2px) * 1.565), 40px);\">V<strong>ous souhaitez devenir b\u00e9n\u00e9vole au sein de notre association ? <\/strong><\/h2>\n\n\n\n<p><strong>Vous pouvez devenir b\u00e9n\u00e9vole en :<\/strong><\/p>\n\n\n\n<ul class=\"wp-block-list\">\n<li>Rejoignant l\u2019\u00e9quipe d\u2019assistants de s\u00e9ance dans nos&nbsp;<a href=\"https:\/\/lethemusicale.org\/ateliers-de-musique\/\">ateliers musique<\/a>&nbsp;et de<a href=\"https:\/\/lethemusicale.org\/musicotherapie\/\">&nbsp;musicoth\u00e9rapie.<\/a><\/li>\n<\/ul>\n\n\n\n<ul class=\"wp-block-list\">\n<li>Nous aidant sur les&nbsp;<a href=\"https:\/\/lethemusicale.org\/nos-evenements\/\">concerts et \u00e9v\u00e9nement<\/a><\/li>\n<\/ul>\n\n\n\n<ul class=\"wp-block-list\">\n<li>Et en participant \u00e0 la vie quotidienne de l\u2019association.<\/li>\n<\/ul>\n<\/div>\n<\/div>\n<\/div>\n\n\n\n<div class=\"wp-block-group alignfull is-style-default has-background has-global-padding is-layout-constrained wp-block-group-is-layout-constrained\" style=\"background-color:#f39200;margin-top:0;margin-bottom:0;padding-top:var(--wp--preset--spacing--20);padding-bottom:var(--wp--preset--spacing--20)\">\n<div class=\"wp-block-columns alignwide is-layout-flex wp-container-core-columns-is-layout-7ee84d44 wp-block-columns-is-layout-flex\">\n<div class=\"wp-block-column is-vertically-aligned-center is-layout-flow wp-block-column-is-layout-flow\" style=\"flex-basis:50%\">\n<h2 class=\"wp-block-heading\"><strong>15 b\u00e9n\u00e9voles de comp\u00e9tences<\/strong><\/h2>\n\n\n\n<p class=\"has-medium-font-size\">Ils et elles nous aident pour l\u2019informatique, pour le transport des personnes (co-voiturage), pour la couture sur les costumes des spectacles, pour la r\u00e9paration des instruments de musique ou pour la mise sous pli de nos courriers.<br>Nul besoin d\u2019\u00eatre sp\u00e9cialiste d\u2019un quelconque domaine ! Il faut de la volont\u00e9 et de la disponibilit\u00e9, ainsi que le souhait de partager ses comp\u00e9tences quelles qu\u2019elles soient.<\/p>\n<\/div>\n\n\n\n<div class=\"wp-block-column is-layout-flow wp-block-column-is-layout-flow\" style=\"flex-basis:50%\">\n<figure class=\"wp-block-image size-full is-resized is-style-default\" style=\"margin-top:0;margin-right:var(--wp--preset--spacing--60);margin-bottom:0;margin-left:var(--wp--preset--spacing--60)\"><img loading=\"lazy\" decoding=\"async\" width=\"2560\" height=\"1920\" src=\"https:\/\/theme.artdiv.net\/wp-content\/uploads\/2025\/09\/P1290221-scaled.jpg\" alt=\"\" class=\"wp-image-332\" style=\"aspect-ratio:1;object-fit:cover;width:421px;height:auto\" srcset=\"https:\/\/theme.artdiv.net\/wp-content\/uploads\/2025\/09\/P1290221-scaled.jpg 2560w, https:\/\/theme.artdiv.net\/wp-content\/uploads\/2025\/09\/P1290221-300x225.jpg 300w, https:\/\/theme.artdiv.net\/wp-content\/uploads\/2025\/09\/P1290221-1024x768.jpg 1024w, https:\/\/theme.artdiv.net\/wp-content\/uploads\/2025\/09\/P1290221-768x576.jpg 768w, https:\/\/theme.artdiv.net\/wp-content\/uploads\/2025\/09\/P1290221-1536x1152.jpg 1536w, https:\/\/theme.artdiv.net\/wp-content\/uploads\/2025\/09\/P1290221-2048x1536.jpg 2048w\" sizes=\"auto, (max-width: 2560px) 100vw, 2560px\" \/><\/figure>\n<\/div>\n<\/div>\n<\/div>\n\n\n\n<div class=\"wp-block-group alignfull is-style-section-5 has-base-background-color has-background has-global-padding is-layout-constrained wp-block-group-is-layout-constrained is-style-section-5--2\" style=\"margin-top:0;margin-bottom:0;padding-top:var(--wp--preset--spacing--20);padding-bottom:var(--wp--preset--spacing--20)\">\n<div class=\"wp-block-columns alignwide is-layout-flex wp-container-core-columns-is-layout-7ee84d44 wp-block-columns-is-layout-flex\">\n<div class=\"wp-block-column is-vertically-aligned-center is-layout-flow wp-block-column-is-layout-flow\" style=\"flex-basis:50%\">\n<h2 class=\"wp-block-heading has-contrast-color has-text-color has-link-color wp-elements-c9eda8c6e31cb90624b469b667a03d0d\"><strong><strong>10 assistant<\/strong>(e)<strong>s de s\u00e9ance<\/strong><\/strong><\/h2>\n\n\n\n<p class=\"has-contrast-color has-text-color has-link-color has-medium-font-size wp-elements-1f862b140f266ba89f66c99652f13419\">Ils et elles viennent assister nos intervenants au cours de leurs ateliers et s\u00e9ances. L\u2019assistant-e de s\u00e9ance apporte un soutien logistique, musical et humain pendant la s\u00e9ance. A l\u2019occasion de jeux musicaux, il\/elle participe activement en suivant les consignes du responsable : il\/elle rappelle les consignes du jeu, encourage ou stimule individuellement les participants, maintient la dynamique en faisant des propositions musicales dans l\u2019esprit du jeu. Nous recrutons chaque ann\u00e9e pour un engagement b\u00e9n\u00e9vole d\u2019un an : faites-vous conna\u00eetre d\u00e8s septembre en nous adressant C.V., lettre de motivation et disponibilit\u00e9s par mail.<\/p>\n<\/div>\n\n\n\n<div class=\"wp-block-column is-layout-flow wp-block-column-is-layout-flow\" style=\"flex-basis:50%\">\n<figure class=\"wp-block-image size-full is-resized is-style-default\" style=\"margin-top:0;margin-right:var(--wp--preset--spacing--60);margin-bottom:0;margin-left:var(--wp--preset--spacing--60)\"><img loading=\"lazy\" decoding=\"async\" width=\"2560\" height=\"1442\" src=\"https:\/\/theme.artdiv.net\/wp-content\/uploads\/2025\/09\/9.jpg\" alt=\"\" class=\"wp-image-333\" style=\"aspect-ratio:1;object-fit:cover;width:422px;height:auto\" srcset=\"https:\/\/theme.artdiv.net\/wp-content\/uploads\/2025\/09\/9.jpg 2560w, https:\/\/theme.artdiv.net\/wp-content\/uploads\/2025\/09\/9-300x169.jpg 300w, https:\/\/theme.artdiv.net\/wp-content\/uploads\/2025\/09\/9-1024x577.jpg 1024w, https:\/\/theme.artdiv.net\/wp-content\/uploads\/2025\/09\/9-768x433.jpg 768w, https:\/\/theme.artdiv.net\/wp-content\/uploads\/2025\/09\/9-1536x865.jpg 1536w, https:\/\/theme.artdiv.net\/wp-content\/uploads\/2025\/09\/9-2048x1154.jpg 2048w\" sizes=\"auto, (max-width: 2560px) 100vw, 2560px\" \/><\/figure>\n<\/div>\n<\/div>\n<\/div>\n\n\n\n<div class=\"wp-block-group alignfull is-style-section-5 has-background has-global-padding is-layout-constrained wp-block-group-is-layout-constrained is-style-section-5--3\" style=\"background-color:#ac2728;margin-top:0;margin-bottom:0;padding-top:var(--wp--preset--spacing--20);padding-bottom:var(--wp--preset--spacing--20)\">\n<div class=\"wp-block-columns alignwide is-layout-flex wp-container-core-columns-is-layout-7ee84d44 wp-block-columns-is-layout-flex\">\n<div class=\"wp-block-column is-vertically-aligned-center is-layout-flow wp-block-column-is-layout-flow\" style=\"flex-basis:50%\">\n<h2 class=\"wp-block-heading has-base-color has-text-color has-link-color wp-elements-0f097210eeb22fd566313b04129e5b50\"><strong><strong><strong><strong>30 b\u00e9n\u00e9voles occasionnels<\/strong><\/strong><\/strong><\/strong><\/h2>\n\n\n\n<p class=\"has-base-color has-text-color has-link-color has-medium-font-size wp-elements-c7bab843d040744ea1405dc256c387fa\">Ils et elles se mobilisent durant les&nbsp;<a href=\"https:\/\/youtu.be\/3wqwoir7fBo\">\u00e9v\u00e9nements et concerts&nbsp;<\/a>de l\u2019association. <br>Leurs r\u00f4les : aider \u00e0 l\u2019accueil du public sur le site, \u00e0 la vente des tickets, \u00e0 la buvette et au buffet, \u00e0 la collecte de dons ou \u00e0 la vente de produits d\u00e9riv\u00e9s. <br>\u00c9galement au niveau de la r\u00e9gie son et pour le montage et d\u00e9montage de la sc\u00e8ne.<\/p>\n\n\n\n<p class=\"has-base-color has-text-color has-link-color has-medium-font-size wp-elements-209d1797d071a1bed15a1f709e7770d6\">Si vous \u00eates int\u00e9ress\u00e9 et motiv\u00e9 pour rejoindre notre \u00e9quipe de b\u00e9n\u00e9voles, contactez nous par t\u00e9l\u00e9phone au 04 78 83 79 31 ou&nbsp;<a href=\"https:\/\/lethemusicale.org\/informations-pratiques\/\">\u00e9crivez-nous.<\/a><\/p>\n<\/div>\n\n\n\n<div class=\"wp-block-column is-layout-flow wp-block-column-is-layout-flow\" style=\"flex-basis:50%\">\n<figure class=\"wp-block-image size-full is-resized is-style-default\" style=\"margin-top:0;margin-right:var(--wp--preset--spacing--60);margin-bottom:0;margin-left:var(--wp--preset--spacing--60)\"><img loading=\"lazy\" decoding=\"async\" width=\"2560\" height=\"1707\" src=\"https:\/\/theme.artdiv.net\/wp-content\/uploads\/2025\/09\/IMG_1780-scaled.jpg\" alt=\"\" class=\"wp-image-334\" style=\"aspect-ratio:1;object-fit:cover;width:421px;height:auto\" srcset=\"https:\/\/theme.artdiv.net\/wp-content\/uploads\/2025\/09\/IMG_1780-scaled.jpg 2560w, https:\/\/theme.artdiv.net\/wp-content\/uploads\/2025\/09\/IMG_1780-300x200.jpg 300w, https:\/\/theme.artdiv.net\/wp-content\/uploads\/2025\/09\/IMG_1780-1024x683.jpg 1024w, https:\/\/theme.artdiv.net\/wp-content\/uploads\/2025\/09\/IMG_1780-768x512.jpg 768w, https:\/\/theme.artdiv.net\/wp-content\/uploads\/2025\/09\/IMG_1780-1536x1024.jpg 1536w, https:\/\/theme.artdiv.net\/wp-content\/uploads\/2025\/09\/IMG_1780-2048x1365.jpg 2048w\" sizes=\"auto, (max-width: 2560px) 100vw, 2560px\" \/><\/figure>\n<\/div>\n<\/div>\n<\/div>\n","protected":false},"excerpt":{"rendered":"<p>Vous souhaitez devenir b\u00e9n\u00e9vole au sein de notre association ? Vous pouvez devenir b\u00e9n\u00e9vole en : 15 b\u00e9n\u00e9voles de comp\u00e9tences Ils et elles nous aident pour l\u2019informatique, pour le transport des personnes (co-voiturage), pour la couture sur les costumes des spectacles, pour la r\u00e9paration des instruments de musique ou pour la mise sous pli de [&hellip;]<\/p>\n","protected":false},"author":1,"featured_media":0,"parent":0,"menu_order":0,"comment_status":"closed","ping_status":"closed","template":"","meta":{"footnotes":""},"class_list":["post-331","page","type-page","status-publish","hentry"],"_links":{"self":[{"href":"https:\/\/theme.artdiv.net\/index.php\/wp-json\/wp\/v2\/pages\/331","targetHints":{"allow":["GET"]}}],"collection":[{"href":"https:\/\/theme.artdiv.net\/index.php\/wp-json\/wp\/v2\/pages"}],"about":[{"href":"https:\/\/theme.artdiv.net\/index.php\/wp-json\/wp\/v2\/types\/page"}],"author":[{"embeddable":true,"href":"https:\/\/theme.artdiv.net\/index.php\/wp-json\/wp\/v2\/users\/1"}],"replies":[{"embeddable":true,"href":"https:\/\/theme.artdiv.net\/index.php\/wp-json\/wp\/v2\/comments?post=331"}],"version-history":[{"count":5,"href":"https:\/\/theme.artdiv.net\/index.php\/wp-json\/wp\/v2\/pages\/331\/revisions"}],"predecessor-version":[{"id":340,"href":"https:\/\/theme.artdiv.net\/index.php\/wp-json\/wp\/v2\/pages\/331\/revisions\/340"}],"wp:attachment":[{"href":"https:\/\/theme.artdiv.net\/index.php\/wp-json\/wp\/v2\/media?parent=331"}],"curies":[{"name":"wp","href":"https:\/\/api.w.org\/{rel}","templated":true}]}}