{"id":42,"date":"2020-02-17T17:55:45","date_gmt":"2020-02-17T16:55:45","guid":{"rendered":"http:\/\/theme.artdiv.net\/?page_id=42"},"modified":"2025-07-08T15:56:16","modified_gmt":"2025-07-08T13:56:16","slug":"le-nouveau-e-mucem-ouvre-ses-portes-2","status":"publish","type":"page","link":"https:\/\/theme.artdiv.net\/","title":{"rendered":""},"content":{"rendered":"\n<div class=\"wp-block-group alignwide is-layout-flow wp-block-group-is-layout-flow\">\n<h2 class=\"wp-block-heading has-text-align-center has-text-color has-link-color wp-elements-c3707ad644d0612e890f780d4fe0a4d4\" style=\"color:#ac2728\"><strong>L\u00e9th\u00e9 Musicale<\/strong> <\/h2>\n\n\n\n<p class=\"has-text-align-left has-contrast-color has-text-color has-link-color wp-elements-29beceac888cc66e76668fb048499290\" style=\"font-size:clamp(15.747px, 0.984rem + ((1vw - 3.2px) * 0.809), 24px);\"><strong>L\u00e9th\u00e9 Musicale<\/strong> est une association loi 1901 qui anime depuis <strong>1996<\/strong> sur la <strong>m\u00e9tropole lyonnaise<\/strong> des ateliers de musique \u00e0 destination des personnes en situation de handicap.<\/p>\n\n\n\n<p class=\"has-text-align-left has-contrast-color has-text-color has-link-color wp-elements-1767a6f555da3085d6d3d8177f4e0666\" style=\"font-size:clamp(15.747px, 0.984rem + ((1vw - 3.2px) * 0.809), 24px);\">Ces ateliers sont anim\u00e9s par une \u00e9quipe de musicien\u00b7ne\u00b7s et de musicoth\u00e9rapeutes professionnel\u00b7le\u00b7s accompagn\u00e9\u00b7e\u00b7s par des assistant\u00b7e\u00b7s de s\u00e9ance b\u00e9n\u00e9voles. <br>Ils ont vocation \u00e9ducative, p\u00e9dagogique ou th\u00e9rapeutique.<\/p>\n\n\n\n<p class=\"has-text-align-left\"><\/p>\n\n\n\n<div class=\"wp-block-columns is-layout-flex wp-container-core-columns-is-layout-28f84493 wp-block-columns-is-layout-flex\">\n<div class=\"wp-block-column is-layout-flow wp-block-column-is-layout-flow\">\n<figure class=\"wp-block-image size-full\"><img loading=\"lazy\" decoding=\"async\" width=\"800\" height=\"533\" src=\"http:\/\/theme.artdiv.net\/wp-content\/uploads\/2025\/04\/409039341_843908204411660_8425785324007731556_n.jpg\" alt=\"\" class=\"wp-image-189\" style=\"aspect-ratio:4\/3;object-fit:cover\" srcset=\"https:\/\/theme.artdiv.net\/wp-content\/uploads\/2025\/04\/409039341_843908204411660_8425785324007731556_n.jpg 800w, https:\/\/theme.artdiv.net\/wp-content\/uploads\/2025\/04\/409039341_843908204411660_8425785324007731556_n-300x200.jpg 300w, https:\/\/theme.artdiv.net\/wp-content\/uploads\/2025\/04\/409039341_843908204411660_8425785324007731556_n-768x512.jpg 768w\" sizes=\"auto, (max-width: 800px) 100vw, 800px\" \/><\/figure>\n<\/div>\n\n\n\n<div class=\"wp-block-column is-layout-flow wp-block-column-is-layout-flow\">\n<figure class=\"wp-block-image size-large\"><img loading=\"lazy\" decoding=\"async\" width=\"1024\" height=\"576\" src=\"https:\/\/theme.artdiv.net\/wp-content\/uploads\/2025\/04\/DSC6171-1024x576.jpg\" alt=\"\" class=\"wp-image-193\" style=\"aspect-ratio:4\/3;object-fit:cover\" srcset=\"https:\/\/theme.artdiv.net\/wp-content\/uploads\/2025\/04\/DSC6171-1024x576.jpg 1024w, https:\/\/theme.artdiv.net\/wp-content\/uploads\/2025\/04\/DSC6171-300x169.jpg 300w, https:\/\/theme.artdiv.net\/wp-content\/uploads\/2025\/04\/DSC6171-768x432.jpg 768w, https:\/\/theme.artdiv.net\/wp-content\/uploads\/2025\/04\/DSC6171-1536x864.jpg 1536w, https:\/\/theme.artdiv.net\/wp-content\/uploads\/2025\/04\/DSC6171-2048x1152.jpg 2048w\" sizes=\"auto, (max-width: 1024px) 100vw, 1024px\" \/><\/figure>\n<\/div>\n<\/div>\n<\/div>\n\n\n\n<div style=\"height:100px\" aria-hidden=\"true\" class=\"wp-block-spacer\"><\/div>\n\n\n\n<div class=\"wp-block-group alignwide is-style-default is-nowrap is-layout-flex wp-container-core-group-is-layout-6c531013 wp-block-group-is-layout-flex\">\n<p class=\"is-style-default has-contrast-color has-text-color has-link-color wp-elements-8a40eaae42c39fbb1babc95711a68ccf\" style=\"padding-top:0;padding-bottom:0;font-size:clamp(15.747px, 0.984rem + ((1vw - 3.2px) * 0.809), 24px);\">Fortes de plus de <strong>500 participant\u00b7e\u00b7s \u00e0 ses ateliers<\/strong>, nos associations sont partenaires de nombreux \u00e9tablissements m\u00e9dico-sociaux de la R\u00e9gion, mais aussi d\u2019\u00e9tablissements culturels et socio-culturels, avec qui elles <strong>militent pour le droit \u00e0 la culture et \u00e0 la pratique artistique pour tous.<\/strong> <br>Nous montons r\u00e9guli\u00e8rement des projets artistiques partenariaux. <br><br>Tout au long de l\u2019ann\u00e9e nous organisons <a href=\"https:\/\/www.lethemusicale.org\/nos-evenements\/\">des \u00e9v\u00e9nements<\/a> et concerts. L&rsquo;id\u00e9e \u00e9tant de <strong>favoriser les rencontres citoyennes inclusives autour de la musique et de la danse<\/strong>. Ainsi, ces \u00e9v\u00e9nements permettent de sensibiliser le public sur l\u2019acc\u00e8s aux droits culturels.<br><br>Aussi nous accompagnons une \u00e9quipe de 10 musicien\u00b7ne\u00b7s en situation de handicap dans la <strong>production et diffusion de spectacles avec <a href=\"https:\/\/www.artdiv.org\/\" target=\"_blank\" rel=\"noreferrer noopener\">le projet Artdiv\u2019<\/a>.<\/strong><br><br>Notre expertise nous am\u00e8ne \u00e9galement \u00e0 organiser des <strong>formations et conf\u00e9rences<\/strong> sur les th\u00e8mes <strong>musique\/handicap et musicoth\u00e9rapie<\/strong>.<br><\/p>\n\n\n\n<p class=\"has-medium-font-size\" style=\"padding-top:0;padding-bottom:0\"><br><\/p>\n\n\n\n<p class=\"has-medium-font-size\" style=\"padding-top:0;padding-bottom:0\">.<br><\/p>\n<\/div>\n\n\n\n<div style=\"height:100px\" aria-hidden=\"true\" class=\"wp-block-spacer\"><\/div>\n\n\n\n<p class=\"has-text-align-center is-style-default has-text-color has-link-color wp-elements-e79ba10f8e733dd1f91470e01845cea9\" style=\"border-style:none;border-width:0px;color:#ac2728;font-size:clamp(21.536px, 1.346rem + ((1vw - 3.2px) * 1.32), 35px);\"><strong>Ils nous soutiennent<\/strong><\/p>\n\n\n<div\n\tclass=\"alignwide alignwide wp-block-evb-slider\"\tid='evssSlider-1'\n\tdata-attributes='{&quot;slides&quot;:[{&quot;background&quot;:&quot;background: url(http:\\\/\\\/theme.artdiv.net\\\/wp-content\\\/uploads\\\/2025\\\/07\\\/lyon-500x223-1.jpg) center center \\\/ contain no-repeat;;;;;;;;;;;;;;&quot;,&quot;content&quot;:&quot;&quot;,&quot;contentStyle&quot;:{&quot;color&quot;:&quot;&quot;,&quot;bg&quot;:&quot;background-color: #0000;&quot;}},{&quot;background&quot;:&quot;background: url(http:\\\/\\\/theme.artdiv.net\\\/wp-content\\\/uploads\\\/2025\\\/07\\\/20150930_gl_logo-couleur-768x252-1.jpg) center center \\\/ contain no-repeat;;;;&quot;,&quot;content&quot;:&quot;&quot;,&quot;contentStyle&quot;:{&quot;color&quot;:&quot;&quot;,&quot;bg&quot;:&quot;background-color: #0000;&quot;}},{&quot;background&quot;:&quot;background: url(http:\\\/\\\/theme.artdiv.net\\\/wp-content\\\/uploads\\\/2025\\\/07\\\/DRAC-399x500-1.png) center center \\\/ contain no-repeat;;&quot;,&quot;content&quot;:&quot;&quot;,&quot;contentStyle&quot;:{&quot;color&quot;:&quot;&quot;,&quot;bg&quot;:&quot;background-color: #0000;&quot;}},{&quot;background&quot;:&quot;background: url(http:\\\/\\\/theme.artdiv.net\\\/wp-content\\\/uploads\\\/2025\\\/07\\\/SEB-1-202x500-1.png) center center \\\/ contain no-repeat;;&quot;,&quot;content&quot;:&quot;&quot;,&quot;contentStyle&quot;:{&quot;color&quot;:&quot;&quot;,&quot;bg&quot;:&quot;background-color: #0000;&quot;}},{&quot;background&quot;:&quot;background: url(http:\\\/\\\/theme.artdiv.net\\\/wp-content\\\/uploads\\\/2025\\\/07\\\/Mutualia-1.png) center center \\\/ contain no-repeat;;&quot;,&quot;content&quot;:&quot;&quot;,&quot;contentStyle&quot;:{&quot;color&quot;:&quot;&quot;,&quot;bg&quot;:&quot;background-color: #0000;&quot;}}],&quot;options&quot;:{&quot;breakpoints&quot;:{&quot;0&quot;:{&quot;slidesPerView&quot;:1,&quot;spaceBetween&quot;:15},&quot;481&quot;:{&quot;slidesPerView&quot;:2,&quot;spaceBetween&quot;:20},&quot;961&quot;:{&quot;slidesPerView&quot;:3,&quot;spaceBetween&quot;:30}},&quot;dir&quot;:&quot;ltr&quot;,&quot;direction&quot;:&quot;horizontal&quot;,&quot;centeredSlides&quot;:false,&quot;initialSlide&quot;:&quot;0&quot;,&quot;grabCursor&quot;:false,&quot;slideToClickedSlide&quot;:false,&quot;effect&quot;:&quot;slide&quot;,&quot;fadeEffect&quot;:{&quot;crossFade&quot;:false},&quot;cubeEffect&quot;:{&quot;slideShadows&quot;:true,&quot;shadow&quot;:true,&quot;shadowOffset&quot;:20,&quot;shadowScale&quot;:0.94},&quot;flipEffect&quot;:{&quot;slideShadows&quot;:true,&quot;limitRotation&quot;:true},&quot;coverflowEffect&quot;:{&quot;slideShadows&quot;:true,&quot;depth&quot;:100,&quot;rotate&quot;:50,&quot;scale&quot;:1,&quot;stretch&quot;:0,&quot;modifier&quot;:1},&quot;cardsEffect&quot;:{&quot;slideShadows&quot;:true,&quot;rotate&quot;:true,&quot;perSlideOffset&quot;:8,&quot;perSlideRotate&quot;:2},&quot;creativeEffect&quot;:{&quot;prev&quot;:{&quot;translate&quot;:[0,0,0],&quot;rotate&quot;:[0,0,0],&quot;opacity&quot;:1,&quot;scale&quot;:1,&quot;shadow&quot;:true,&quot;origin&quot;:&quot;left bottom&quot;},&quot;next&quot;:{&quot;translate&quot;:[0,0,0],&quot;rotate&quot;:[0,0,0],&quot;opacity&quot;:1,&quot;scale&quot;:1,&quot;shadow&quot;:true,&quot;origin&quot;:&quot;left bottom&quot;},&quot;limitProgress&quot;:1,&quot;perspective&quot;:true,&quot;progressMultiplier&quot;:1,&quot;shadowPerProgress&quot;:false},&quot;speed&quot;:0,&quot;timingFunction&quot;:&quot;cubic-bezier(0.25, 0.1, 0.25, 1.0)&quot;,&quot;loop&quot;:{&quot;mode&quot;:&quot;disabled&quot;,&quot;addBlankSlides&quot;:false,&quot;additionalSlides&quot;:0},&quot;autoplay&quot;:{&quot;enabled&quot;:false,&quot;delay&quot;:3000,&quot;pauseOnMouseEnter&quot;:false,&quot;disableOnInteraction&quot;:true,&quot;reverseDirection&quot;:false,&quot;stopOnLastSlide&quot;:false},&quot;navigation&quot;:{&quot;enabled&quot;:true,&quot;hideOnClick&quot;:false},&quot;pagination&quot;:{&quot;enabled&quot;:true,&quot;hideOnClick&quot;:false,&quot;type&quot;:&quot;bullets&quot;,&quot;clickable&quot;:true,&quot;dynamicBullets&quot;:false,&quot;dynamicMainBullets&quot;:1,&quot;progressbarOpposite&quot;:false},&quot;scrollbar&quot;:{&quot;enabled&quot;:false,&quot;draggable&quot;:false,&quot;hide&quot;:true,&quot;snapOnRelease&quot;:false},&quot;freeMode&quot;:{&quot;enabled&quot;:false,&quot;sticky&quot;:false,&quot;momentum&quot;:true,&quot;momentumRatio&quot;:1,&quot;minimumVelocity&quot;:0.02,&quot;momentumVelocityRatio&quot;:1,&quot;momentumBounce&quot;:true,&quot;momentumBounceRatio&quot;:1},&quot;keyboard&quot;:{&quot;enabled&quot;:false,&quot;onlyInViewport&quot;:true,&quot;pageUpDown&quot;:false},&quot;mousewheel&quot;:{&quot;enabled&quot;:false,&quot;forceToAxis&quot;:false,&quot;invert&quot;:false,&quot;releaseOnEdges&quot;:false,&quot;sensitivity&quot;:1,&quot;thresholdDelta&quot;:null,&quot;thresholdTime&quot;:null},&quot;parallax&quot;:false,&quot;accessibility&quot;:{&quot;enabled&quot;:true},&quot;zoom&quot;:{&quot;toggle&quot;:false,&quot;minRatio&quot;:1,&quot;maxRatio&quot;:3,&quot;limitToOriginalSize&quot;:false}},&quot;design&quot;:{&quot;slide&quot;:{&quot;padding&quot;:&quot;&quot;,&quot;border&quot;:[&quot;0px solid #0000&quot;],&quot;radius&quot;:&quot;&quot;},&quot;content&quot;:{&quot;maxWidth&quot;:&quot;100%&quot;,&quot;textAlign&quot;:&quot;left&quot;,&quot;horizontalAlign&quot;:&quot;start&quot;,&quot;verticalAlign&quot;:&quot;start&quot;,&quot;padding&quot;:&quot;15px 15px 15px 15px&quot;},&quot;creative&quot;:{&quot;preset&quot;:&quot;default&quot;},&quot;navigation&quot;:{&quot;icon&quot;:&quot;chevron&quot;,&quot;iconSize&quot;:44,&quot;placement&quot;:&quot;inside&quot;,&quot;position&quot;:&quot;center&quot;,&quot;color&quot;:&quot;#5465ff&quot;},&quot;pagination&quot;:{&quot;placement&quot;:&quot;inside&quot;,&quot;side&quot;:&quot;bottom&quot;,&quot;position&quot;:&quot;center&quot;,&quot;width&quot;:&quot;8px&quot;,&quot;height&quot;:&quot;8px&quot;,&quot;radius&quot;:&quot;50%&quot;,&quot;gap&quot;:&quot;8px&quot;,&quot;color&quot;:&quot;#333&quot;,&quot;background&quot;:&quot;#fff&quot;},&quot;scrollbar&quot;:{&quot;position&quot;:&quot;end&quot;,&quot;trackColor&quot;:&quot;#0000001a&quot;,&quot;thumbColor&quot;:&quot;#00000080&quot;}},&quot;align&quot;:&quot;wide&quot;,&quot;layout&quot;:{&quot;width&quot;:{&quot;desktop&quot;:&quot;100%&quot;,&quot;tablet&quot;:&quot;&quot;,&quot;mobile&quot;:&quot;&quot;},&quot;height&quot;:{&quot;desktop&quot;:&quot;350px&quot;,&quot;tablet&quot;:&quot;&quot;,&quot;mobile&quot;:&quot;&quot;},&quot;align&quot;:{&quot;desktop&quot;:&quot;center&quot;,&quot;tablet&quot;:&quot;&quot;,&quot;mobile&quot;:&quot;&quot;}}}'\n>\n\t<div id='evssSlider-1-contents' style='display: none;'>\n\t\t\t\t\t<div id='slideContent-0'><\/div>\n\t\t\t\t\t<div id='slideContent-1'><\/div>\n\t\t\t\t\t<div id='slideContent-2'><\/div>\n\t\t\t\t\t<div id='slideContent-3'><\/div>\n\t\t\t\t\t<div id='slideContent-4'><\/div>\n\t\t\t<\/div>\n<\/div>\n\n\n<p><\/p>\n","protected":false},"excerpt":{"rendered":"<p>L\u00e9th\u00e9 Musicale L\u00e9th\u00e9 Musicale est une association loi 1901 qui anime depuis 1996 sur la m\u00e9tropole lyonnaise des ateliers de musique \u00e0 destination des personnes en situation de handicap. Ces ateliers sont anim\u00e9s par une \u00e9quipe de musicien\u00b7ne\u00b7s et de musicoth\u00e9rapeutes professionnel\u00b7le\u00b7s accompagn\u00e9\u00b7e\u00b7s par des assistant\u00b7e\u00b7s de s\u00e9ance b\u00e9n\u00e9voles. Ils ont vocation \u00e9ducative, p\u00e9dagogique ou [&hellip;]<\/p>\n","protected":false},"author":1,"featured_media":41,"parent":0,"menu_order":0,"comment_status":"closed","ping_status":"closed","template":"","meta":{"footnotes":""},"class_list":["post-42","page","type-page","status-publish","has-post-thumbnail","hentry"],"_links":{"self":[{"href":"https:\/\/theme.artdiv.net\/index.php\/wp-json\/wp\/v2\/pages\/42","targetHints":{"allow":["GET"]}}],"collection":[{"href":"https:\/\/theme.artdiv.net\/index.php\/wp-json\/wp\/v2\/pages"}],"about":[{"href":"https:\/\/theme.artdiv.net\/index.php\/wp-json\/wp\/v2\/types\/page"}],"author":[{"embeddable":true,"href":"https:\/\/theme.artdiv.net\/index.php\/wp-json\/wp\/v2\/users\/1"}],"replies":[{"embeddable":true,"href":"https:\/\/theme.artdiv.net\/index.php\/wp-json\/wp\/v2\/comments?post=42"}],"version-history":[{"count":14,"href":"https:\/\/theme.artdiv.net\/index.php\/wp-json\/wp\/v2\/pages\/42\/revisions"}],"predecessor-version":[{"id":239,"href":"https:\/\/theme.artdiv.net\/index.php\/wp-json\/wp\/v2\/pages\/42\/revisions\/239"}],"wp:featuredmedia":[{"embeddable":true,"href":"https:\/\/theme.artdiv.net\/index.php\/wp-json\/wp\/v2\/media\/41"}],"wp:attachment":[{"href":"https:\/\/theme.artdiv.net\/index.php\/wp-json\/wp\/v2\/media?parent=42"}],"curies":[{"name":"wp","href":"https:\/\/api.w.org\/{rel}","templated":true}]}}