{"id":43,"date":"2020-02-17T17:55:45","date_gmt":"2020-02-17T16:55:45","guid":{"rendered":"http:\/\/theme.artdiv.net\/?page_id=43"},"modified":"2025-07-08T17:49:01","modified_gmt":"2025-07-08T15:49:01","slug":"a-propos-de","status":"publish","type":"page","link":"https:\/\/theme.artdiv.net\/index.php\/a-propos-de\/","title":{"rendered":"Atelier de musique"},"content":{"rendered":"\n<p style=\"border-radius:0px\">L\u00e9th\u00e9 Musicale propose des activit\u00e9s visant \u00e0 permettre l\u2019acc\u00e8s de tous \u00e0 la pratique musicale, notamment de ceux qui acc\u00e8dent difficilement aux structures ordinaires de pratique et d\u2019apprentissage de la musique (enfants et adultes handicap\u00e9s, personnes \u00e2g\u00e9es d\u00e9pendantes, personnes en difficult\u00e9\u2026). <br>Nous proposons des ateliers de musique dans nos locaux et des ateliers de musique adapt\u00e9s en \u00e9cole de musique ordinaire.<\/p>\n\n\n\n<div class=\"wp-block-columns is-layout-flex wp-container-core-columns-is-layout-28f84493 wp-block-columns-is-layout-flex\">\n<div class=\"wp-block-column is-layout-flow wp-block-column-is-layout-flow\" style=\"flex-basis:66.66%\"><\/div>\n\n\n\n<div class=\"wp-block-column is-layout-flow wp-block-column-is-layout-flow\" style=\"flex-basis:33.33%\"><\/div>\n<\/div>\n\n\n\n<p><strong>Notre d\u00e9marche est la suivante : <\/strong><\/p>\n\n\n\n<div class=\"wp-block-columns alignwide is-layout-flex wp-container-core-columns-is-layout-28f84493 wp-block-columns-is-layout-flex\">\n<div class=\"wp-block-column is-layout-flow wp-block-column-is-layout-flow\">\n<p class=\"has-background\" style=\"background-color:#f39200;font-size:clamp(14px, 0.875rem + ((1vw - 3.2px) * 0.588), 20px);\"><strong>L\u2019\u00e9coute<\/strong><br><br>Dans nos ateliers, la musique s\u2019aborde sous ses diff\u00e9rents aspects\u00a0(\u00e9coute, expression corporelle, sonore, vocale et instrumentale\u2026). <br>L\u2019activit\u00e9 se construit alors \u00e0 partir du plaisir et cherche d\u2019une s\u00e9ance \u00e0 l\u2019autre \u00e0 frayer un chemin favorable \u00e0 l\u2019\u00e9panouissement de chacun et du groupe.<br><\/p>\n<\/div>\n\n\n\n<div class=\"wp-block-column is-layout-flow wp-block-column-is-layout-flow\">\n<h2 class=\"wp-block-heading has-background\" style=\"background-color:#fedd5d;font-size:clamp(14px, 0.875rem + ((1vw - 3.2px) * 0.588), 20px);\"><strong>La cr\u00e9ativit\u00e9<\/strong><br><br>Quels que soient sa singularit\u00e9, son parcours, sa situation, nous reconnaissons en chacun un potentiel de cr\u00e9ativit\u00e9 et d\u2019\u00e9volution. <br>C\u2019est ce que nous cherchons \u00e0 mobiliser.<\/h2>\n\n\n\n<p><\/p>\n<\/div>\n\n\n\n<div class=\"wp-block-column is-layout-flow wp-block-column-is-layout-flow\">\n<h2 class=\"wp-block-heading has-background\" style=\"background-color:#fac275;font-size:clamp(14px, 0.875rem + ((1vw - 3.2px) * 0.588), 20px);\"><strong>L\u2019\u00e9change<\/strong><br><br>Nous tentons d\u2019activer ou r\u00e9activer la relation aux autres \u00e0 travers la construction d\u2019un projet musical commun. <br>Ce projet, \u00e9labor\u00e9 avec les b\u00e9n\u00e9ficiaires et leurs r\u00e9f\u00e9rents est ajust\u00e9 en permanence. <br>Nous le partageons lors de repr\u00e9sentations publiques, \u00e9changes avec d\u2019autres structures, productions de documents sonores ou audiovisuels, participation \u00e0 des \u00e9v\u00e9nements.<\/h2>\n\n\n\n<p><\/p>\n<\/div>\n<\/div>\n\n\n\n<div class=\"wp-block-columns is-layout-flex wp-container-core-columns-is-layout-28f84493 wp-block-columns-is-layout-flex\">\n<div class=\"wp-block-column is-layout-flow wp-block-column-is-layout-flow\">\n<div class=\"wp-block-buttons is-content-justification-center is-layout-flex wp-container-core-buttons-is-layout-1fb448e7 wp-block-buttons-is-layout-flex\">\n<div class=\"wp-block-button has-custom-width wp-block-button__width-100 is-style-fill\"><a class=\"wp-block-button__link has-background has-x-large-font-size has-custom-font-size wp-element-button\" href=\"https:\/\/theme.artdiv.net\/index.php\/inscription-taris-atelier-musique\/\" style=\"background-color:#ac2728\">Inscriptions &#8211; Tarifs<\/a><\/div>\n<\/div>\n<\/div>\n<\/div>\n\n\n\n<p><\/p>\n","protected":false},"excerpt":{"rendered":"<p>L\u00e9th\u00e9 Musicale propose des activit\u00e9s visant \u00e0 permettre l\u2019acc\u00e8s de tous \u00e0 la pratique musicale, notamment de ceux qui acc\u00e8dent difficilement aux structures ordinaires de pratique et d\u2019apprentissage de la musique (enfants et adultes handicap\u00e9s, personnes \u00e2g\u00e9es d\u00e9pendantes, personnes en difficult\u00e9\u2026). Nous proposons des ateliers de musique dans nos locaux et des ateliers de musique [&hellip;]<\/p>\n","protected":false},"author":1,"featured_media":0,"parent":0,"menu_order":0,"comment_status":"closed","ping_status":"closed","template":"","meta":{"footnotes":""},"class_list":["post-43","page","type-page","status-publish","hentry"],"_links":{"self":[{"href":"https:\/\/theme.artdiv.net\/index.php\/wp-json\/wp\/v2\/pages\/43","targetHints":{"allow":["GET"]}}],"collection":[{"href":"https:\/\/theme.artdiv.net\/index.php\/wp-json\/wp\/v2\/pages"}],"about":[{"href":"https:\/\/theme.artdiv.net\/index.php\/wp-json\/wp\/v2\/types\/page"}],"author":[{"embeddable":true,"href":"https:\/\/theme.artdiv.net\/index.php\/wp-json\/wp\/v2\/users\/1"}],"replies":[{"embeddable":true,"href":"https:\/\/theme.artdiv.net\/index.php\/wp-json\/wp\/v2\/comments?post=43"}],"version-history":[{"count":5,"href":"https:\/\/theme.artdiv.net\/index.php\/wp-json\/wp\/v2\/pages\/43\/revisions"}],"predecessor-version":[{"id":257,"href":"https:\/\/theme.artdiv.net\/index.php\/wp-json\/wp\/v2\/pages\/43\/revisions\/257"}],"wp:attachment":[{"href":"https:\/\/theme.artdiv.net\/index.php\/wp-json\/wp\/v2\/media?parent=43"}],"curies":[{"name":"wp","href":"https:\/\/api.w.org\/{rel}","templated":true}]}}