{"id":44,"date":"2020-02-17T17:55:45","date_gmt":"2020-02-17T16:55:45","guid":{"rendered":"http:\/\/theme.artdiv.net\/?page_id=44"},"modified":"2025-07-09T10:23:38","modified_gmt":"2025-07-09T08:23:38","slug":"contact","status":"publish","type":"page","link":"https:\/\/theme.artdiv.net\/index.php\/contact\/","title":{"rendered":"Nous Contacter"},"content":{"rendered":"\n<div class=\"wp-block-columns is-layout-flex wp-container-core-columns-is-layout-28f84493 wp-block-columns-is-layout-flex\">\n<div class=\"wp-block-column is-layout-flow wp-block-column-is-layout-flow\"><\/div>\n\n\n\n<div class=\"wp-block-column is-layout-flow wp-block-column-is-layout-flow\"><\/div>\n<\/div>\n\n\n\n<p class=\"has-text-color has-link-color has-x-large-font-size wp-elements-04a8d0d8f9f16aa9f0f6c229d7e3dbdf\" style=\"color:#ac2728\"><strong>Pour avoir des informations : <\/strong><\/p>\n\n\n\n<p>Par t\u00e9l\u00e9phone : 04.78.83.79.31<\/p>\n\n\n\n<p>Par mail : contact(at)lethemusicale.fr<\/p>\n\n\n\n<hr class=\"wp-block-separator has-alpha-channel-opacity\"\/>\n\n\n\n<p class=\"has-text-color has-link-color has-x-large-font-size wp-elements-17ed01d4ea1423a0580b3f04b760bd69\" style=\"color:#ac2728\"><strong>Nos horaires : <\/strong><\/p>\n\n\n\n<p>Les bureaux sont ouverts du lundi au vendredi de 10h00 \u00e0 13h00 et de 14h00 \u00e0 18h00 hors jours f\u00e9ri\u00e9s.<\/p>\n\n\n\n<hr class=\"wp-block-separator has-alpha-channel-opacity\"\/>\n\n\n\n<p class=\"has-text-color has-link-color has-x-large-font-size wp-elements-0c5e59daf9fb896e7fc9379fc7ed0dc1\" style=\"color:#ac2728\"><strong>Nous trouver : <\/strong><\/p>\n\n\n\n<p>10 impasse Pierre Baizet, 69009 Lyon au -1 du batiment de l\u2019Arfrips<\/p>\n\n\n\n<figure class=\"wp-block-gallery has-nested-images columns-default is-cropped wp-block-gallery-1 is-layout-flex wp-block-gallery-is-layout-flex\">\n<figure class=\"wp-block-image size-thumbnail has-custom-border is-style-default\" style=\"margin-top:0;margin-bottom:0\"><img loading=\"lazy\" decoding=\"async\" width=\"150\" height=\"150\" data-id=\"242\" src=\"https:\/\/theme.artdiv.net\/wp-content\/uploads\/2025\/07\/Capture-decran-2025-03-12-113942-1-1-150x150.jpg\" alt=\"\" class=\"wp-image-242\" style=\"border-style:none;border-width:0px;border-radius:0px\"\/><\/figure>\n<\/figure>\n\n\n\n<p class=\"has-small-font-size\"><\/p>\n","protected":false},"excerpt":{"rendered":"<p>Pour avoir des informations : Par t\u00e9l\u00e9phone : 04.78.83.79.31 Par mail : contact(at)lethemusicale.fr Nos horaires : Les bureaux sont ouverts du lundi au vendredi de 10h00 \u00e0 13h00 et de 14h00 \u00e0 18h00 hors jours f\u00e9ri\u00e9s. Nous trouver : 10 impasse Pierre Baizet, 69009 Lyon au -1 du batiment de l\u2019Arfrips<\/p>\n","protected":false},"author":1,"featured_media":0,"parent":0,"menu_order":0,"comment_status":"closed","ping_status":"closed","template":"","meta":{"footnotes":""},"class_list":["post-44","page","type-page","status-publish","hentry"],"_links":{"self":[{"href":"https:\/\/theme.artdiv.net\/index.php\/wp-json\/wp\/v2\/pages\/44","targetHints":{"allow":["GET"]}}],"collection":[{"href":"https:\/\/theme.artdiv.net\/index.php\/wp-json\/wp\/v2\/pages"}],"about":[{"href":"https:\/\/theme.artdiv.net\/index.php\/wp-json\/wp\/v2\/types\/page"}],"author":[{"embeddable":true,"href":"https:\/\/theme.artdiv.net\/index.php\/wp-json\/wp\/v2\/users\/1"}],"replies":[{"embeddable":true,"href":"https:\/\/theme.artdiv.net\/index.php\/wp-json\/wp\/v2\/comments?post=44"}],"version-history":[{"count":3,"href":"https:\/\/theme.artdiv.net\/index.php\/wp-json\/wp\/v2\/pages\/44\/revisions"}],"predecessor-version":[{"id":243,"href":"https:\/\/theme.artdiv.net\/index.php\/wp-json\/wp\/v2\/pages\/44\/revisions\/243"}],"wp:attachment":[{"href":"https:\/\/theme.artdiv.net\/index.php\/wp-json\/wp\/v2\/media?parent=44"}],"curies":[{"name":"wp","href":"https:\/\/api.w.org\/{rel}","templated":true}]}}